{"id":304,"date":"2025-10-30T15:20:24","date_gmt":"2025-10-30T14:20:24","guid":{"rendered":"https:\/\/2025.astridbrauer-pr.de\/?page_id=304"},"modified":"2026-02-04T14:19:15","modified_gmt":"2026-02-04T13:19:15","slug":"klassik-pr-cd-promotion-kontaktieren-sie-mich","status":"publish","type":"page","link":"https:\/\/www.astridbrauer-pr.de\/en\/klassik-pr-cd-promotion-kontaktieren-sie-mich\/","title":{"rendered":"contact"},"content":{"rendered":"<div data-elementor-type=\"wp-page\" data-elementor-id=\"304\" class=\"elementor elementor-304\">\n\t\t\t\t<div class=\"elementor-element elementor-element-e88b7a6 e-flex e-con-boxed wpr-particle-no wpr-jarallax-no wpr-parallax-no wpr-sticky-section-no wpr-equal-height-no e-con e-parent\" data-id=\"e88b7a6\" data-element_type=\"container\" data-e-type=\"container\">\n\t\t\t\t\t<div class=\"e-con-inner\">\n\t\t<div class=\"elementor-element elementor-element-607d2ae e-con-full e-flex wpr-particle-no wpr-jarallax-no wpr-parallax-no wpr-sticky-section-no wpr-equal-height-no e-con e-child\" data-id=\"607d2ae\" data-element_type=\"container\" data-e-type=\"container\">\n\t\t\t\t<div class=\"elementor-element elementor-element-9c2c636 elementor-widget elementor-widget-text-editor\" data-id=\"9c2c636\" data-element_type=\"widget\" data-e-type=\"widget\" data-widget_type=\"text-editor.default\">\n\t\t\t\t\t\t\t\t\t<h3>Feel free to contact me!<\/h3>\t\t\t\t\t\t\t\t<\/div>\n\t\t\t\t<div class=\"elementor-element elementor-element-4baefe5 elementor-widget elementor-widget-text-editor\" data-id=\"4baefe5\" data-element_type=\"widget\" data-e-type=\"widget\" data-widget_type=\"text-editor.default\">\n\t\t\t\t\t\t\t\t\t<p>Get in touch - I advise you without obligation. I look forward to meeting you!<\/p>\t\t\t\t\t\t\t\t<\/div>\n\t\t\t\t<\/div>\n\t\t<div class=\"elementor-element elementor-element-53e58eb e-con-full e-flex wpr-particle-no wpr-jarallax-no wpr-parallax-no wpr-sticky-section-no wpr-equal-height-no e-con e-child\" data-id=\"53e58eb\" data-element_type=\"container\" data-e-type=\"container\">\n\t\t\t\t<div class=\"elementor-element elementor-element-75798af elementor-widget elementor-widget-text-editor\" data-id=\"75798af\" data-element_type=\"widget\" data-e-type=\"widget\" data-widget_type=\"text-editor.default\">\n\t\t\t\t\t\t\t\t\t<p>Astrid Brauer<br \/>Matthiasstra\u00dfe 10<br \/>30177 Hannover<br \/><a href=\"tel:+4916091969044\">+49 (160) 91969044<\/a><br \/><a href=\"mailto:astrid@ab-pr.de\">astrid@ab-pr.de<\/a><\/p>\t\t\t\t\t\t\t\t<\/div>\n\t\t\t\t<\/div>\n\t\t<div class=\"elementor-element elementor-element-0cc3ac3 e-con-full e-flex wpr-particle-no wpr-jarallax-no wpr-parallax-no wpr-sticky-section-no wpr-equal-height-no e-con e-child\" data-id=\"0cc3ac3\" data-element_type=\"container\" data-e-type=\"container\">\n\t\t\t\t<div class=\"elementor-element elementor-element-aacec8f elementor-align-start elementor-icon-list--layout-traditional elementor-list-item-link-full_width elementor-widget elementor-widget-icon-list\" data-id=\"aacec8f\" data-element_type=\"widget\" data-e-type=\"widget\" data-widget_type=\"icon-list.default\">\n\t\t\t\t\t\t\t<ul class=\"elementor-icon-list-items\">\n\t\t\t\t\t\t\t<li class=\"elementor-icon-list-item\">\n\t\t\t\t\t\t\t\t\t\t\t<a href=\"https:\/\/www.instagram.com\/astridbrauerpr\/\" target=\"_blank\">\n\n\t\t\t\t\t\t\t\t\t\t\t\t<span class=\"elementor-icon-list-icon\">\n\t\t\t\t\t\t\t<svg aria-hidden=\"true\" class=\"e-font-icon-svg e-fab-instagram\" viewbox=\"0 0 448 512\" xmlns=\"http:\/\/www.w3.org\/2000\/svg\"><path d=\"M224.1 141c-63.6 0-114.9 51.3-114.9 114.9s51.3 114.9 114.9 114.9S339 319.5 339 255.9 287.7 141 224.1 141zm0 189.6c-41.1 0-74.7-33.5-74.7-74.7s33.5-74.7 74.7-74.7 74.7 33.5 74.7 74.7-33.6 74.7-74.7 74.7zm146.4-194.3c0 14.9-12 26.8-26.8 26.8-14.9 0-26.8-12-26.8-26.8s12-26.8 26.8-26.8 26.8 12 26.8 26.8zm76.1 27.2c-1.7-35.9-9.9-67.7-36.2-93.9-26.2-26.2-58-34.4-93.9-36.2-37-2.1-147.9-2.1-184.9 0-35.8 1.7-67.6 9.9-93.9 36.1s-34.4 58-36.2 93.9c-2.1 37-2.1 147.9 0 184.9 1.7 35.9 9.9 67.7 36.2 93.9s58 34.4 93.9 36.2c37 2.1 147.9 2.1 184.9 0 35.9-1.7 67.7-9.9 93.9-36.2 26.2-26.2 34.4-58 36.2-93.9 2.1-37 2.1-147.8 0-184.8zM398.8 388c-7.8 19.6-22.9 34.7-42.6 42.6-29.5 11.7-99.5 9-132.1 9s-102.7 2.6-132.1-9c-19.6-7.8-34.7-22.9-42.6-42.6-11.7-29.5-9-99.5-9-132.1s-2.6-102.7 9-132.1c7.8-19.6 22.9-34.7 42.6-42.6 29.5-11.7 99.5-9 132.1-9s102.7-2.6 132.1 9c19.6 7.8 34.7 22.9 42.6 42.6 11.7 29.5 9 99.5 9 132.1s2.7 102.7-9 132.1z\"><\/path><\/svg>\t\t\t\t\t\t<\/span>\n\t\t\t\t\t\t\t\t\t\t<span class=\"elementor-icon-list-text\">instagram<\/span>\n\t\t\t\t\t\t\t\t\t\t\t<\/a>\n\t\t\t\t\t\t\t\t\t<\/li>\n\t\t\t\t\t\t\t\t<li class=\"elementor-icon-list-item\">\n\t\t\t\t\t\t\t\t\t\t\t<a href=\"https:\/\/www.facebook.com\/profile.php?id=61551700328174\" target=\"_blank\">\n\n\t\t\t\t\t\t\t\t\t\t\t\t<span class=\"elementor-icon-list-icon\">\n\t\t\t\t\t\t\t<svg aria-hidden=\"true\" class=\"e-font-icon-svg e-fab-facebook-f\" viewbox=\"0 0 320 512\" xmlns=\"http:\/\/www.w3.org\/2000\/svg\"><path d=\"M279.14 288l14.22-92.66h-88.91v-60.13c0-25.35 12.42-50.06 52.24-50.06h40.42V6.26S260.43 0 225.36 0c-73.22 0-121.08 44.38-121.08 124.72v70.62H22.89V288h81.39v224h100.17V288z\"><\/path><\/svg>\t\t\t\t\t\t<\/span>\n\t\t\t\t\t\t\t\t\t\t<span class=\"elementor-icon-list-text\">facebook<\/span>\n\t\t\t\t\t\t\t\t\t\t\t<\/a>\n\t\t\t\t\t\t\t\t\t<\/li>\n\t\t\t\t\t\t\t\t<li class=\"elementor-icon-list-item\">\n\t\t\t\t\t\t\t\t\t\t\t<a href=\"https:\/\/www.youtube.com\/@AstridBrauerPR\" target=\"_blank\">\n\n\t\t\t\t\t\t\t\t\t\t\t\t<span class=\"elementor-icon-list-icon\">\n\t\t\t\t\t\t\t<svg aria-hidden=\"true\" class=\"e-font-icon-svg e-fab-youtube\" viewbox=\"0 0 576 512\" xmlns=\"http:\/\/www.w3.org\/2000\/svg\"><path d=\"M549.655 124.083c-6.281-23.65-24.787-42.276-48.284-48.597C458.781 64 288 64 288 64S117.22 64 74.629 75.486c-23.497 6.322-42.003 24.947-48.284 48.597-11.412 42.867-11.412 132.305-11.412 132.305s0 89.438 11.412 132.305c6.281 23.65 24.787 41.5 48.284 47.821C117.22 448 288 448 288 448s170.78 0 213.371-11.486c23.497-6.321 42.003-24.171 48.284-47.821 11.412-42.867 11.412-132.305 11.412-132.305s0-89.438-11.412-132.305zm-317.51 213.508V175.185l142.739 81.205-142.739 81.201z\"><\/path><\/svg>\t\t\t\t\t\t<\/span>\n\t\t\t\t\t\t\t\t\t\t<span class=\"elementor-icon-list-text\">youtube<\/span>\n\t\t\t\t\t\t\t\t\t\t\t<\/a>\n\t\t\t\t\t\t\t\t\t<\/li>\n\t\t\t\t\t\t\t\t<li class=\"elementor-icon-list-item\">\n\t\t\t\t\t\t\t\t\t\t\t<a href=\"https:\/\/www.linkedin.com\/in\/astrid-brauer-596644233\" target=\"_blank\">\n\n\t\t\t\t\t\t\t\t\t\t\t\t<span class=\"elementor-icon-list-icon\">\n\t\t\t\t\t\t\t<svg aria-hidden=\"true\" class=\"e-font-icon-svg e-fab-linkedin-in\" viewbox=\"0 0 448 512\" xmlns=\"http:\/\/www.w3.org\/2000\/svg\"><path d=\"M100.28 448H7.4V148.9h92.88zM53.79 108.1C24.09 108.1 0 83.5 0 53.8a53.79 53.79 0 0 1 107.58 0c0 29.7-24.1 54.3-53.79 54.3zM447.9 448h-92.68V302.4c0-34.7-.7-79.2-48.29-79.2-48.29 0-55.69 37.7-55.69 76.7V448h-92.78V148.9h89.08v40.8h1.3c12.4-23.5 42.69-48.3 87.88-48.3 94 0 111.28 61.9 111.28 142.3V448z\"><\/path><\/svg>\t\t\t\t\t\t<\/span>\n\t\t\t\t\t\t\t\t\t\t<span class=\"elementor-icon-list-text\">linkedIn<\/span>\n\t\t\t\t\t\t\t\t\t\t\t<\/a>\n\t\t\t\t\t\t\t\t\t<\/li>\n\t\t\t\t\t\t<\/ul>\n\t\t\t\t\t\t<\/div>\n\t\t\t\t<\/div>\n\t\t\t\t\t<\/div>\n\t\t\t\t<\/div>\n\t\t\t\t<\/div>","protected":false},"excerpt":{"rendered":"<p>Melde dich gern bei mir! Ruf an oder schreibe mir eine E-Mail &#8211; ich berate dich v\u00f6llig unverbindlich. Ich freu mich auf Dich! Astrid BrauerMatthiasstra\u00dfe 1030177 Hannover+49 (160) 91969044astrid@ab-pr.de instagram facebook youtube linkedIn<\/p>","protected":false},"author":1,"featured_media":0,"parent":0,"menu_order":0,"comment_status":"closed","ping_status":"closed","template":"","meta":{"inline_featured_image":false,"footnotes":""},"class_list":["post-304","page","type-page","status-publish","hentry"],"yoast_head":"<!-- This site is optimized with the Yoast SEO plugin v27.4 - https:\/\/yoast.com\/product\/yoast-seo-wordpress\/ -->\n<title>Klassik PR &amp; CD-Promotion - Kontaktieren Sie mich!<\/title>\n<meta name=\"description\" content=\"Individuelle PR f\u00fcr klassische Musik \u2013 pers\u00f6nlich, erfahren, wirkungsvoll. Melden Sie sich gern f\u00fcr ein unverbindliches Gespr\u00e4ch!\" \/>\n<meta name=\"robots\" content=\"index, follow, max-snippet:-1, max-image-preview:large, max-video-preview:-1\" \/>\n<link rel=\"canonical\" href=\"https:\/\/www.astridbrauer-pr.de\/en\/klassik-pr-cd-promotion-kontaktieren-sie-mich\/\" \/>\n<meta property=\"og:locale\" content=\"en_GB\" \/>\n<meta property=\"og:type\" content=\"article\" \/>\n<meta property=\"og:title\" content=\"Klassik PR &amp; CD-Promotion - Kontaktieren Sie mich!\" \/>\n<meta property=\"og:description\" content=\"Individuelle PR f\u00fcr klassische Musik \u2013 pers\u00f6nlich, erfahren, wirkungsvoll. Melden Sie sich gern f\u00fcr ein unverbindliches Gespr\u00e4ch!\" \/>\n<meta property=\"og:url\" content=\"https:\/\/www.astridbrauer-pr.de\/en\/klassik-pr-cd-promotion-kontaktieren-sie-mich\/\" \/>\n<meta property=\"og:site_name\" content=\"Astrid Brauer PR\" \/>\n<meta property=\"article:modified_time\" content=\"2026-02-04T13:19:15+00:00\" \/>\n<meta property=\"og:image\" content=\"https:\/\/www.astridbrauer-pr.de\/wp-content\/uploads\/2025\/10\/ABrauer_Logodesign_RGB.png\" \/>\n\t<meta property=\"og:image:width\" content=\"492\" \/>\n\t<meta property=\"og:image:height\" content=\"423\" \/>\n\t<meta property=\"og:image:type\" content=\"image\/png\" \/>\n<meta name=\"twitter:card\" content=\"summary_large_image\" \/>\n<meta name=\"twitter:label1\" content=\"Estimated reading time\" \/>\n\t<meta name=\"twitter:data1\" content=\"1 minute\" \/>\n<script type=\"application\/ld+json\" class=\"yoast-schema-graph\">{\"@context\":\"https:\\\/\\\/schema.org\",\"@graph\":[{\"@type\":\"WebPage\",\"@id\":\"https:\\\/\\\/www.astridbrauer-pr.de\\\/klassik-pr-cd-promotion-kontaktieren-sie-mich\\\/\",\"url\":\"https:\\\/\\\/www.astridbrauer-pr.de\\\/klassik-pr-cd-promotion-kontaktieren-sie-mich\\\/\",\"name\":\"Klassik PR & CD-Promotion - Kontaktieren Sie mich!\",\"isPartOf\":{\"@id\":\"https:\\\/\\\/www.astridbrauer-pr.de\\\/#website\"},\"datePublished\":\"2025-10-30T14:20:24+00:00\",\"dateModified\":\"2026-02-04T13:19:15+00:00\",\"description\":\"Individuelle PR f\u00fcr klassische Musik \u2013 pers\u00f6nlich, erfahren, wirkungsvoll. Melden Sie sich gern f\u00fcr ein unverbindliches Gespr\u00e4ch!\",\"breadcrumb\":{\"@id\":\"https:\\\/\\\/www.astridbrauer-pr.de\\\/klassik-pr-cd-promotion-kontaktieren-sie-mich\\\/#breadcrumb\"},\"inLanguage\":\"en-GB\",\"potentialAction\":[{\"@type\":\"ReadAction\",\"target\":[\"https:\\\/\\\/www.astridbrauer-pr.de\\\/klassik-pr-cd-promotion-kontaktieren-sie-mich\\\/\"]}]},{\"@type\":\"BreadcrumbList\",\"@id\":\"https:\\\/\\\/www.astridbrauer-pr.de\\\/klassik-pr-cd-promotion-kontaktieren-sie-mich\\\/#breadcrumb\",\"itemListElement\":[{\"@type\":\"ListItem\",\"position\":1,\"name\":\"Start\",\"item\":\"https:\\\/\\\/www.astridbrauer-pr.de\\\/\"},{\"@type\":\"ListItem\",\"position\":2,\"name\":\"Kontakt\"}]},{\"@type\":\"WebSite\",\"@id\":\"https:\\\/\\\/www.astridbrauer-pr.de\\\/#website\",\"url\":\"https:\\\/\\\/www.astridbrauer-pr.de\\\/\",\"name\":\"Astrid Brauer PR\",\"description\":\"\",\"publisher\":{\"@id\":\"https:\\\/\\\/www.astridbrauer-pr.de\\\/#\\\/schema\\\/person\\\/4c4c5e8531599dfedd20503194ec8511\"},\"alternateName\":\"Astrid Brauer PR\",\"potentialAction\":[{\"@type\":\"SearchAction\",\"target\":{\"@type\":\"EntryPoint\",\"urlTemplate\":\"https:\\\/\\\/www.astridbrauer-pr.de\\\/?s={search_term_string}\"},\"query-input\":{\"@type\":\"PropertyValueSpecification\",\"valueRequired\":true,\"valueName\":\"search_term_string\"}}],\"inLanguage\":\"en-GB\"},{\"@type\":[\"Person\",\"Organization\"],\"@id\":\"https:\\\/\\\/www.astridbrauer-pr.de\\\/#\\\/schema\\\/person\\\/4c4c5e8531599dfedd20503194ec8511\",\"name\":\"Astrid Brauer\",\"image\":{\"@type\":\"ImageObject\",\"inLanguage\":\"en-GB\",\"@id\":\"https:\\\/\\\/www.astridbrauer-pr.de\\\/wp-content\\\/uploads\\\/2025\\\/10\\\/Foto.jpg\",\"url\":\"https:\\\/\\\/www.astridbrauer-pr.de\\\/wp-content\\\/uploads\\\/2025\\\/10\\\/Foto.jpg\",\"contentUrl\":\"https:\\\/\\\/www.astridbrauer-pr.de\\\/wp-content\\\/uploads\\\/2025\\\/10\\\/Foto.jpg\",\"width\":400,\"height\":400,\"caption\":\"Astrid Brauer\"},\"logo\":{\"@id\":\"https:\\\/\\\/www.astridbrauer-pr.de\\\/wp-content\\\/uploads\\\/2025\\\/10\\\/Foto.jpg\"}}]}<\/script>\n<!-- \/ Yoast SEO plugin. -->","yoast_head_json":{"title":"Klassik PR & CD-Promotion - Kontaktieren Sie mich!","description":"Individuelle PR f\u00fcr klassische Musik \u2013 pers\u00f6nlich, erfahren, wirkungsvoll. Melden Sie sich gern f\u00fcr ein unverbindliches Gespr\u00e4ch!","robots":{"index":"index","follow":"follow","max-snippet":"max-snippet:-1","max-image-preview":"max-image-preview:large","max-video-preview":"max-video-preview:-1"},"canonical":"https:\/\/www.astridbrauer-pr.de\/en\/klassik-pr-cd-promotion-kontaktieren-sie-mich\/","og_locale":"en_GB","og_type":"article","og_title":"Klassik PR & CD-Promotion - Kontaktieren Sie mich!","og_description":"Individuelle PR f\u00fcr klassische Musik \u2013 pers\u00f6nlich, erfahren, wirkungsvoll. Melden Sie sich gern f\u00fcr ein unverbindliches Gespr\u00e4ch!","og_url":"https:\/\/www.astridbrauer-pr.de\/en\/klassik-pr-cd-promotion-kontaktieren-sie-mich\/","og_site_name":"Astrid Brauer PR","article_modified_time":"2026-02-04T13:19:15+00:00","og_image":[{"width":492,"height":423,"url":"https:\/\/www.astridbrauer-pr.de\/wp-content\/uploads\/2025\/10\/ABrauer_Logodesign_RGB.png","type":"image\/png"}],"twitter_card":"summary_large_image","twitter_misc":{"Estimated reading time":"1 minute"},"schema":{"@context":"https:\/\/schema.org","@graph":[{"@type":"WebPage","@id":"https:\/\/www.astridbrauer-pr.de\/klassik-pr-cd-promotion-kontaktieren-sie-mich\/","url":"https:\/\/www.astridbrauer-pr.de\/klassik-pr-cd-promotion-kontaktieren-sie-mich\/","name":"Klassik PR & CD-Promotion - Kontaktieren Sie mich!","isPartOf":{"@id":"https:\/\/www.astridbrauer-pr.de\/#website"},"datePublished":"2025-10-30T14:20:24+00:00","dateModified":"2026-02-04T13:19:15+00:00","description":"Individuelle PR f\u00fcr klassische Musik \u2013 pers\u00f6nlich, erfahren, wirkungsvoll. Melden Sie sich gern f\u00fcr ein unverbindliches Gespr\u00e4ch!","breadcrumb":{"@id":"https:\/\/www.astridbrauer-pr.de\/klassik-pr-cd-promotion-kontaktieren-sie-mich\/#breadcrumb"},"inLanguage":"en-GB","potentialAction":[{"@type":"ReadAction","target":["https:\/\/www.astridbrauer-pr.de\/klassik-pr-cd-promotion-kontaktieren-sie-mich\/"]}]},{"@type":"BreadcrumbList","@id":"https:\/\/www.astridbrauer-pr.de\/klassik-pr-cd-promotion-kontaktieren-sie-mich\/#breadcrumb","itemListElement":[{"@type":"ListItem","position":1,"name":"Start","item":"https:\/\/www.astridbrauer-pr.de\/"},{"@type":"ListItem","position":2,"name":"Kontakt"}]},{"@type":"WebSite","@id":"https:\/\/www.astridbrauer-pr.de\/#website","url":"https:\/\/www.astridbrauer-pr.de\/","name":"Astrid Brauer PR","description":"","publisher":{"@id":"https:\/\/www.astridbrauer-pr.de\/#\/schema\/person\/4c4c5e8531599dfedd20503194ec8511"},"alternateName":"Astrid Brauer PR","potentialAction":[{"@type":"SearchAction","target":{"@type":"EntryPoint","urlTemplate":"https:\/\/www.astridbrauer-pr.de\/?s={search_term_string}"},"query-input":{"@type":"PropertyValueSpecification","valueRequired":true,"valueName":"search_term_string"}}],"inLanguage":"en-GB"},{"@type":["Person","Organization"],"@id":"https:\/\/www.astridbrauer-pr.de\/#\/schema\/person\/4c4c5e8531599dfedd20503194ec8511","name":"Astrid Brauer","image":{"@type":"ImageObject","inLanguage":"en-GB","@id":"https:\/\/www.astridbrauer-pr.de\/wp-content\/uploads\/2025\/10\/Foto.jpg","url":"https:\/\/www.astridbrauer-pr.de\/wp-content\/uploads\/2025\/10\/Foto.jpg","contentUrl":"https:\/\/www.astridbrauer-pr.de\/wp-content\/uploads\/2025\/10\/Foto.jpg","width":400,"height":400,"caption":"Astrid Brauer"},"logo":{"@id":"https:\/\/www.astridbrauer-pr.de\/wp-content\/uploads\/2025\/10\/Foto.jpg"}}]}},"_links":{"self":[{"href":"https:\/\/www.astridbrauer-pr.de\/en\/wp-json\/wp\/v2\/pages\/304","targetHints":{"allow":["GET"]}}],"collection":[{"href":"https:\/\/www.astridbrauer-pr.de\/en\/wp-json\/wp\/v2\/pages"}],"about":[{"href":"https:\/\/www.astridbrauer-pr.de\/en\/wp-json\/wp\/v2\/types\/page"}],"author":[{"embeddable":true,"href":"https:\/\/www.astridbrauer-pr.de\/en\/wp-json\/wp\/v2\/users\/1"}],"replies":[{"embeddable":true,"href":"https:\/\/www.astridbrauer-pr.de\/en\/wp-json\/wp\/v2\/comments?post=304"}],"version-history":[{"count":16,"href":"https:\/\/www.astridbrauer-pr.de\/en\/wp-json\/wp\/v2\/pages\/304\/revisions"}],"predecessor-version":[{"id":912,"href":"https:\/\/www.astridbrauer-pr.de\/en\/wp-json\/wp\/v2\/pages\/304\/revisions\/912"}],"wp:attachment":[{"href":"https:\/\/www.astridbrauer-pr.de\/en\/wp-json\/wp\/v2\/media?parent=304"}],"curies":[{"name":"wp","href":"https:\/\/api.w.org\/{rel}","templated":true}]}}